{"id":219,"date":"2024-09-22T20:27:12","date_gmt":"2024-09-22T18:27:12","guid":{"rendered":"https:\/\/alain.goudey.eu\/side\/?page_id=219"},"modified":"2025-10-11T17:08:48","modified_gmt":"2025-10-11T15:08:48","slug":"discographie-alain-goudey-univers-musical","status":"publish","type":"page","link":"https:\/\/alain.goudey.eu\/side\/discographie-alain-goudey-univers-musical\/","title":{"rendered":"La musique d&rsquo;Alain"},"content":{"rendered":"\n<h2 class=\"wp-block-heading\">L&rsquo;univers musical unique d&rsquo;Alain Goudey<\/h2>\n\n\n\n<div class=\"wp-block-media-text is-stacked-on-mobile\" style=\"grid-template-columns:30% auto\"><figure class=\"wp-block-media-text__media\"><img loading=\"lazy\" decoding=\"async\" width=\"190\" height=\"190\" src=\"https:\/\/alain.goudey.eu\/side\/wp-content\/uploads\/2024\/09\/190x190cc.webp\" alt=\"Alain Goudey, musicien autodidacte, compositeur d'identit\u00e9s sonores, de musiques pour les entreprises, mais aussi pour le plaisir.\" class=\"wp-image-234 size-full\" srcset=\"https:\/\/alain.goudey.eu\/side\/wp-content\/uploads\/2024\/09\/190x190cc.webp 190w, https:\/\/alain.goudey.eu\/side\/wp-content\/uploads\/2024\/09\/190x190cc-150x150.webp 150w\" sizes=\"auto, (max-width: 190px) 100vw, 190px\" \/><\/figure><div class=\"wp-block-media-text__content\">\n<p>D&rsquo;avantage connu dans le monde acad\u00e9mique autour des sujets de l&rsquo;IA, de la transformation num\u00e9rique et du marketing sensoriel, je vous invite ici \u00e0 explorer mon univers musical. Ma discographie, disponible sur YouTube, avec certains clips, et sur toute les plateformes de streaming est un t\u00e9moignage de ma recherche cr\u00e9ative, de mon exploration des technologies AI et de ma passion pour la musique et les arts num\u00e9riques. Cette page relate toutes les sorties r\u00e9alis\u00e9es \u00e0 ce jour.<\/p>\n\n\n\n<p>\ud83d\udc95<strong>Retrouvez ma page artiste sur : <a href=\"https:\/\/open.spotify.com\/intl-fr\/artist\/7AU9XhPorCZ2NYqYEFBOD9\" target=\"_blank\" rel=\"noopener\">Spotify<\/a>, <a href=\"https:\/\/music.apple.com\/gb\/artist\/alain-goudey\/1742608319\" target=\"_blank\" rel=\"noopener\">Apple Music<\/a>, <a href=\"https:\/\/www.deezer.com\/fr\/artist\/258645012\" target=\"_blank\" rel=\"noopener\">Deezer<\/a>, <a href=\"https:\/\/music.amazon.com\/artists\/B0CYCKHF6B\/alain-goudey\" target=\"_blank\" rel=\"noopener\">Amazon Music<\/a>, <a href=\"https:\/\/www.youtube.com\/channel\/UC8biRmSy4nrynr-FPTb-6og\" target=\"_blank\" rel=\"noopener\">YouTube Music<\/a>, et plus de 60 plateformes de streaming audio !<\/strong><\/p>\n<\/div><\/div>\n\n\n\n<h2 class=\"wp-block-heading\">In Cognitia (septembre 2025)<\/h2>\n\n\n\n<p>In Cognitia est une odyss\u00e9e sonore o\u00f9 mes professions et passions s\u2019entrelacent : musicien, professeur, parent, coach sportif, expert en IA, mais aussi celles de mes proches.<br>Chaque morceau est une fen\u00eatre ouverte sur ces mondes, sculpt\u00e9e dans des textures et des rythmes inattendus. Les styles se heurtent, se m\u00ealent et se r\u00e9inventent, comme autant de voix dans une m\u00eame conversation. Surprendre, interpeller, communiquer, en musique. L\u2019album est n\u00e9 de la \u00ab\u00a0complicit\u00e9\u00a0\u00bb entre l\u2019humain et l\u2019intelligence artificielle g\u00e9n\u00e9rative, partenaires de cr\u00e9ation et d\u2019\u00e9motion. C\u2019est une invitation \u00e0 \u00e9couter autrement : un dialogue intime entre r\u00f4les, sons et imaginaires avec en toile de fond une r\u00e9flexion sur les m\u00e9tiers que j&rsquo;ai la chance de c\u00f4toyer de pr\u00e8s, voire de faire.<\/p>\n\n\n\n<div class=\"wp-block-media-text is-stacked-on-mobile\" style=\"grid-template-columns:30% auto\"><figure class=\"wp-block-media-text__media\"><a href=\"https:\/\/open.spotify.com\/intl-fr\/album\/4EWKsxEACQAO5gpPSJ5aCW\" target=\"_blank\" rel=\"noopener\"><img loading=\"lazy\" decoding=\"async\" width=\"800\" height=\"800\" src=\"https:\/\/alain.goudey.eu\/side\/wp-content\/uploads\/2025\/09\/800x800-9688313-CC021479-5381-4538-99725E9516256855-0-5806162-GoudeyInCognitia.jpg\" alt=\"In Cognitia, Alain Goudey\" class=\"wp-image-428 size-full\" srcset=\"https:\/\/alain.goudey.eu\/side\/wp-content\/uploads\/2025\/09\/800x800-9688313-CC021479-5381-4538-99725E9516256855-0-5806162-GoudeyInCognitia.jpg 800w, https:\/\/alain.goudey.eu\/side\/wp-content\/uploads\/2025\/09\/800x800-9688313-CC021479-5381-4538-99725E9516256855-0-5806162-GoudeyInCognitia-300x300.jpg 300w, https:\/\/alain.goudey.eu\/side\/wp-content\/uploads\/2025\/09\/800x800-9688313-CC021479-5381-4538-99725E9516256855-0-5806162-GoudeyInCognitia-150x150.jpg 150w, https:\/\/alain.goudey.eu\/side\/wp-content\/uploads\/2025\/09\/800x800-9688313-CC021479-5381-4538-99725E9516256855-0-5806162-GoudeyInCognitia-768x768.jpg 768w\" sizes=\"auto, (max-width: 800px) 100vw, 800px\" \/><\/a><\/figure><div class=\"wp-block-media-text__content\">\n<p><strong>01 &#8211; Parents, sur le fil de nos vies <\/strong>: Ce morceau explore le funambulisme quotidien des parents, oscillant entre tendresse infinie et d\u00e9fis constants. Une m\u00e9lodie douce et forte \u00e0 la fois, qui capture la complexit\u00e9 et la beaut\u00e9 de ce r\u00f4le universel.<\/p>\n\n\n\n<p><strong>02 &#8211; Musicien, l&rsquo;incertitude sur son chemin<\/strong> : Une composition qui traduit les hauts et les bas de la vie d&rsquo;artiste, entre l&rsquo;euphorie de la cr\u00e9ation et le doute permanent. Les notes dessinent un parcours sinueux, vibrant d&rsquo;espoir et de pr\u00e9carit\u00e9.<\/p>\n\n\n\n<p><strong>03 &#8211; Professeur, ce m\u00e9tier compliqu\u00e9 <\/strong>: Ce titre rend hommage \u00e0 la vocation d&rsquo;enseigner, un art d\u00e9licat fait de transmission et de patience. La structure musicale \u00e9voque la construction du savoir, entre rigueur et moments de gr\u00e2ce.<\/p>\n\n\n\n<p><strong>04 &#8211; Psychologues, ces gardiens de l&rsquo;\u00e2me<\/strong> : Une plong\u00e9e introspective dans l&rsquo;\u00e9coute et l&rsquo;analyse, o\u00f9 les harmonies complexes repr\u00e9sentent les m\u00e9andres de l&rsquo;esprit humain. C&rsquo;est une reconnaissance en musique du r\u00f4le essentiel de ces th\u00e9rapeutes du quotidien.<\/p>\n\n\n\n<p><strong>05 &#8211; Entrepreneurs, ces r\u00eaveurs de demain<\/strong> : Un morceau \u00e0 l&rsquo;\u00e9nergie contagieuse qui c\u00e9l\u00e8bre la prise de risque et la vision des cr\u00e9ateurs d&rsquo;entreprises. Le rythme et la progression de la m\u00e9lodie incarnent l&rsquo;audace et la pers\u00e9v\u00e9rance n\u00e9cessaires pour b\u00e2tir l&rsquo;avenir.<\/p>\n\n\n\n<p><strong>06 &#8211; Commercial, cet artiste du commerce <\/strong>: Cette pi\u00e8ce musicale d\u00e9peint l&rsquo;art de la persuasion et le dynamisme des m\u00e9tiers de la vente. Le tempo enlev\u00e9 et les arrangements astucieux illustrent le jeu subtil de la n\u00e9gociation et de la relation humaine.<\/p>\n\n\n\n<p><strong>07 &#8211; Coach sportif, toujours<\/strong> : Un titre \u00e9nergique et motivant qui pulse au rythme de l&rsquo;effort et du d\u00e9passement de soi&#8230; jusqu&rsquo;\u00e0 en perdre certains rep\u00e8res. C&rsquo;est un hymne \u00e0 la pers\u00e9v\u00e9rance et \u00e0 la discipline insuffl\u00e9es par les entra\u00eeneurs sportifs.<\/p>\n\n\n\n<p><strong>08 &#8211; Inventeurs, ces forgerons de lumi\u00e8re<\/strong> : Une atmosph\u00e8re sonore rassurante pour saluer l&rsquo;\u00e9tincelle de g\u00e9nie des inventeurs. Le morceau se construit comme une id\u00e9e qui germe, se transforme et finit par \u00e9clairer le monde.<\/p>\n\n\n\n<p><strong>09 &#8211; Math\u00e9maticiens, les g\u00e9nies en silence<\/strong> : Une composition structur\u00e9e et logique qui rend hommage \u00e0 la beaut\u00e9 abstraite et \u00e0 l&rsquo;\u00e9l\u00e9gance des math\u00e9matiques. Les motifs r\u00e9p\u00e9titifs et les variations subtiles \u00e9voquent la r\u00e9solution d&rsquo;une \u00e9nigme complexe.<\/p>\n\n\n\n<p><strong>10 &#8211; Chercheurs, l&rsquo;\u00e9tincelle et la qu\u00eate<\/strong> : Ce morceau nous emm\u00e8ne dans le long voyage de la recherche scientifique, fait de patience, de doutes et de d\u00e9couvertes soudaines. L&rsquo;ambiance sonore, \u00e0 la fois myst\u00e9rieuse et pleine d&rsquo;espoir, illustre cette qu\u00eate de savoir.<\/p>\n\n\n\n<p><strong>11 &#8211; Expert IA au Pixel Paradis<\/strong> : Un final r\u00e9solument r\u00e9tro-futuriste, bourr\u00e9 de clins d&rsquo;oeil \u00e0 Michel Polnareff dans l&rsquo;\u00e9criture des paroles mais aussi de la m\u00e9lodie. Michel a toujours \u00e9t\u00e9 un explorateur inv\u00e9t\u00e9r\u00e9 de la technologie. Ce titre moderne et technologique lui rend hommage et explore la fronti\u00e8re entre l&rsquo;homme et la machine. Les sonorit\u00e9s \u00e9lectroniques et les textures num\u00e9riques dessinent un paysage futuriste, au c\u0153ur de la cr\u00e9ation de l&rsquo;album en entier.<\/p>\n<\/div><\/div>\n\n\n\n<h2 class=\"wp-block-heading\">Nancy, Coeur de Lorraine (septembre 2025)<\/h2>\n\n\n\n<p>J&rsquo;ai \u00e9crit, compos\u00e9 et produit ce titre pour participer au Concours \u00ab\u00a0Je t&rsquo;aime moi Nancy\u00a0\u00bb organis\u00e9 par l&rsquo;Office du Tourisme du Grand Nancy afin de d\u00e9clarer sa flamme \u00e0 la Ville des Ducs de Lorraine. Je n&rsquo;ai pas gagn\u00e9, mais \u00e7a a fait un titre pour le Coeur de la Lorraine qu&rsquo;est Nancy ! <\/p>\n\n\n\n<figure class=\"wp-block-embed is-type-video is-provider-youtube wp-block-embed-youtube wp-embed-aspect-4-3 wp-has-aspect-ratio\"><div class=\"wp-block-embed__wrapper\">\n<iframe loading=\"lazy\" title=\"Nancy, Coeur de Lorraine\" width=\"1200\" height=\"900\" src=\"https:\/\/www.youtube.com\/embed\/OU2CpqTchJY?feature=oembed\" frameborder=\"0\" allow=\"accelerometer; autoplay; clipboard-write; encrypted-media; gyroscope; picture-in-picture; web-share\" referrerpolicy=\"strict-origin-when-cross-origin\" allowfullscreen><\/iframe>\n<\/div><\/figure>\n\n\n\n<h2 class=\"wp-block-heading\">Nos flammes olympiques (juin 2025)<\/h2>\n\n\n\n<p>Cet EP sorti un an apr\u00e8s le single \u00ab\u00a0Paris 2024, ta flamme olympique\u00a0\u00bb rassemble 4 titres d\u00e9di\u00e9s aux Jeux Olympiques : ceux de Paris 2024, de Los Angeles 2028 et aussi des Alpes Fran\u00e7aises 2030. Ces titres ont la particularit\u00e9 d&rsquo;avoir \u00e9t\u00e9 compos\u00e9 en combinant tr\u00e8s fortement l&rsquo;intelligence artificielle et l&rsquo;intelligence humaine pour cr\u00e9er une atmosph\u00e8re sp\u00e9cifique pour chaque morceau. <\/p>\n\n\n\n<div class=\"wp-block-media-text is-stacked-on-mobile\" style=\"grid-template-columns:30% auto\"><figure class=\"wp-block-media-text__media\"><a href=\"https:\/\/open.spotify.com\/intl-fr\/album\/4EWKsxEACQAO5gpPSJ5aCW\" target=\"_blank\" rel=\"noopener\"><img loading=\"lazy\" decoding=\"async\" width=\"1024\" height=\"1024\" src=\"https:\/\/alain.goudey.eu\/side\/wp-content\/uploads\/2025\/06\/NosFlammesOlympiques-EP-v2-1024x1024.jpg\" alt=\"EP Nos flammes olympiques Alain Goudey\" class=\"wp-image-399 size-full\" srcset=\"https:\/\/alain.goudey.eu\/side\/wp-content\/uploads\/2025\/06\/NosFlammesOlympiques-EP-v2-1024x1024.jpg 1024w, https:\/\/alain.goudey.eu\/side\/wp-content\/uploads\/2025\/06\/NosFlammesOlympiques-EP-v2-300x300.jpg 300w, https:\/\/alain.goudey.eu\/side\/wp-content\/uploads\/2025\/06\/NosFlammesOlympiques-EP-v2-150x150.jpg 150w, https:\/\/alain.goudey.eu\/side\/wp-content\/uploads\/2025\/06\/NosFlammesOlympiques-EP-v2-768x768.jpg 768w, https:\/\/alain.goudey.eu\/side\/wp-content\/uploads\/2025\/06\/NosFlammesOlympiques-EP-v2-1536x1536.jpg 1536w, https:\/\/alain.goudey.eu\/side\/wp-content\/uploads\/2025\/06\/NosFlammesOlympiques-EP-v2-2048x2048.jpg 2048w\" sizes=\"auto, (max-width: 1024px) 100vw, 1024px\" \/><\/a><\/figure><div class=\"wp-block-media-text__content\">\n<p><strong>01 &#8211; Paris (2024), ta flamme olympique revient<\/strong> : une version remasteris\u00e9e, augment\u00e9e et rallong\u00e9e de la version originale de 2024 qui a \u00e9t\u00e9 \u00e9cout\u00e9 plus de 200 000 fois en une seule ann\u00e9e ! Le challenge \u00e9tait de reprendre le mod\u00e8le de l&rsquo;\u00e9poque, y ajouter de nombreux \u00e9l\u00e9ments musicaux et de le prolonger \u00ab\u00a0sans couture\u00a0\u00bb. Pari r\u00e9ussi je pense ! <\/p>\n\n\n\n<p><strong>02 &#8211; Los Angeles (2028), Olympics shine on city of angels<\/strong> : dans le plus pur style am\u00e9ricain, \u00e0 la crois\u00e9e de Taylor Swift et des beats West Coast, ce titre c\u00e9l\u00e8bre le passage de relais de Paris 2024 \u00e0 Los Angeles 2028. Un son tr\u00e8s californien pour r\u00e9sum\u00e9. <\/p>\n\n\n\n<p><strong>03 &#8211; Paris (2024), ta flamme olympique revient (sped up mix) <\/strong>: version modernis\u00e9e et pop fran\u00e7aise de Paris 2024, ta flamme olymique. La d\u00e9monstration visait ici \u00e0 montrer la capacit\u00e9 \u00e0 contraindre un mod\u00e8le IA dans la m\u00e9lodie et le style pour cr\u00e9er une variation r\u00e9solument moderne. Le rendu a ensuite \u00e9t\u00e9 r\u00e9ajust\u00e9 avec des boucles IA \/ humains r\u00e9guli\u00e8re pour am\u00e9liorer la cr\u00e9ation&#8230; tr\u00e8s hybride. Le <a href=\"https:\/\/youtu.be\/A7aj1S00OEs?si=KJAPIQjLQXclUDIG\" target=\"_blank\" rel=\"noopener\">clip de Paris (2024), ta flamme olympique revient<\/a> a quant \u00e0 lui \u00e9tait r\u00e9alis\u00e9 \u00e0 partir d&rsquo;une unique photo pour g\u00e9n\u00e9rer les avatars et les animer. Les photos ont \u00e9t\u00e9 anim\u00e9es avec d&rsquo;autres mod\u00e8les IA et le tout assembl\u00e9 sous Capcut.<\/p>\n\n\n\n<figure class=\"wp-block-embed is-type-video is-provider-youtube wp-block-embed-youtube wp-embed-aspect-16-9 wp-has-aspect-ratio\"><div class=\"wp-block-embed__wrapper\">\n<iframe loading=\"lazy\" title=\"Paris (2024), Ta Flamme (Olympique) Revient\" width=\"1200\" height=\"675\" src=\"https:\/\/www.youtube.com\/embed\/A7aj1S00OEs?feature=oembed\" frameborder=\"0\" allow=\"accelerometer; autoplay; clipboard-write; encrypted-media; gyroscope; picture-in-picture; web-share\" referrerpolicy=\"strict-origin-when-cross-origin\" allowfullscreen><\/iframe>\n<\/div><\/figure>\n\n\n\n<p><strong>04 &#8211; Alpes Fran\u00e7aises (2030), l&rsquo;hiver rayonne<\/strong> : balade m\u00e9lodique et symphonique, dans l&rsquo;attente des Jeux Olympiques d&rsquo;Hiver en France, en 2030, dans les Alpes. La m\u00e9lodie rappelle \u00e0 la fois l&rsquo;hiver et la grandeur de l&rsquo;\u00e9v\u00e9nement associ\u00e9s au c\u00f4t\u00e9 majestueux des Alpes.<\/p>\n<\/div><\/div>\n\n\n\n<h2 class=\"wp-block-heading\">Joyeux No\u00ebl, Merry Christmas, nous rassemblent (d\u00e9cembre 2024)<\/h2>\n\n\n\n<p>Ce titre, sp\u00e9cial No\u00ebl, a \u00e9t\u00e9 produit pour \u00e9voquer les regards que l&rsquo;on posent sur No\u00ebl, de l&rsquo;enfance, jusqu&rsquo;\u00e0 l&rsquo;\u00e2ge adulte&#8230; \u00e0 la fois diff\u00e9rents et toujours un peu semblables. Une chanson en duo homme et femme, tr\u00e8s pop \u00e9lectro en fran\u00e7ais et en anglais pour rassembler par del\u00e0 les fronti\u00e8res, les genres et apporter un peu de magie en fin d&rsquo;ann\u00e9e.<\/p>\n\n\n\n<figure class=\"wp-block-embed is-type-video is-provider-youtube wp-block-embed-youtube wp-embed-aspect-16-9 wp-has-aspect-ratio\"><div class=\"wp-block-embed__wrapper\">\n<iframe loading=\"lazy\" title=\"Joyeux Noel, Merry Christmas, nous rassemblent\" width=\"1200\" height=\"675\" src=\"https:\/\/www.youtube.com\/embed\/zOzU3qDKMRQ?feature=oembed\" frameborder=\"0\" allow=\"accelerometer; autoplay; clipboard-write; encrypted-media; gyroscope; picture-in-picture; web-share\" referrerpolicy=\"strict-origin-when-cross-origin\" allowfullscreen><\/iframe>\n<\/div><\/figure>\n\n\n\n<h2 class=\"wp-block-heading\">Variations musicales (2024)<\/h2>\n\n\n\n<p>Appel\u00e9 <em>Variations<\/em>, cet album est un voyage musical qui explore les multiples facettes de l&rsquo;\u00e9motion humaine dans les paroles et qui m\u00eale des influences classiques, \u00e9lectro, et contemporaines dans la r\u00e9alisation musicale. Chaque morceau raconte une histoire unique, des amours inatteignables aux connexions digitales, en passant par l&rsquo;espoir d&rsquo;un lendemain meilleur. Port\u00e9 par des m\u00e9lodies percutantes et des paroles profondes, cet album vous entra\u00eene dans un univers \u00e9clectique et \u00e9motionnel o\u00f9 chaque chanson est une variation sur les th\u00e8mes universels de la vie, du r\u00eave et de l&rsquo;authenticit\u00e9.<\/p>\n\n\n\n<div class=\"wp-block-media-text is-stacked-on-mobile\" style=\"grid-template-columns:30% auto\"><figure class=\"wp-block-media-text__media\"><a href=\"https:\/\/open.spotify.com\/intl-fr\/album\/4EWKsxEACQAO5gpPSJ5aCW\" target=\"_blank\" rel=\"noopener\"><img loading=\"lazy\" decoding=\"async\" width=\"316\" height=\"316\" src=\"https:\/\/alain.goudey.eu\/side\/wp-content\/uploads\/2024\/09\/variations-1.webp\" alt=\"Variations, album d'inspirations musicales vari\u00e9es pour explorer les capacit\u00e9 des IA \u00e0 cr\u00e9er des sons\" class=\"wp-image-227 size-full\" srcset=\"https:\/\/alain.goudey.eu\/side\/wp-content\/uploads\/2024\/09\/variations-1.webp 316w, https:\/\/alain.goudey.eu\/side\/wp-content\/uploads\/2024\/09\/variations-1-300x300.webp 300w, https:\/\/alain.goudey.eu\/side\/wp-content\/uploads\/2024\/09\/variations-1-150x150.webp 150w\" sizes=\"auto, (max-width: 316px) 100vw, 316px\" \/><\/a><\/figure><div class=\"wp-block-media-text__content\">\n<p><strong>01 &#8211; Couleur Turquoise<\/strong> : un morceau joyeux et color\u00e9 qui vous fera r\u00eaver de vacances ensoleill\u00e9es et de paysages turquoises (voir le <a href=\"https:\/\/www.youtube.com\/watch?v=-HCsKFH0nmM\" target=\"_blank\" rel=\"noopener\">clip Couleur Turquoise<\/a>, cr\u00e9\u00e9 avec l&rsquo;IA Gen3 de Runway)<\/p>\n\n\n\n<p><strong>02 &#8211; Missed Beat<\/strong> : m\u00e9lange de l&rsquo;\u00e9nergie vintage du jazz et du swing \u00e0 des beats \u00e9lectro modernes, cr\u00e9ant un groove irr\u00e9sistible aux rythmes entra\u00eenants et cuivres \u00e9clatants qui vous feront vibrer toute la nuit.<\/p>\n\n\n\n<p><strong>03 &#8211; Lost Without You <\/strong>: chanson m\u00ealant l&rsquo;\u00e9motion d&rsquo;un adagio classique \u00e0 une touche \u00e9lectro-rap moderne sur un \u00eatre qui pourrait partir trop vite. Ce titre touchera votre coeur.<\/p>\n\n\n\n<p><strong>04 &#8211; Tomorrow<\/strong> : balade pleine d&rsquo;espoir, o\u00f9 chaque note et chaque parole illuminent le chemin vers un nouvel avenir. Cette m\u00e9lodie inspirante c\u00e9l\u00e8bre les lendemains lumineux et la promesse de jours meilleurs.<\/p>\n\n\n\n<p><strong>05 &#8211; Endless Night <\/strong>: voyage musical qui fusionne l&rsquo;\u00e9motion d&rsquo;une m\u00e9lodie classique \u00e0 la Jean-S\u00e9bastien Bach avec l&rsquo;\u00e9nergie \u00e9lectro. Laissez-vous emporter par sa mont\u00e9e en puissance qui promet une nuit sans fin.<\/p>\n\n\n\n<p><strong>06 &#8211; Screens Between Us <\/strong>: ce morceau r\u00e9v\u00e8le la solitude cach\u00e9e derri\u00e8re nos \u00e9crans, m\u00ealant m\u00e9lodies touchantes et paroles percutantes. Quel est le sens de notre qu\u00eate de connexions r\u00e9elles dans un monde digitalis\u00e9 ?<\/p>\n\n\n\n<p><strong>07 &#8211; Solid Queen<\/strong> : c&rsquo;est un hymne urbain et puissant \u00e0 l&rsquo;amour in\u00e9branlable d&rsquo;un duo rebelle qui d\u00e9fie les obstacles avec style et d\u00e9termination. Vocabulaire des jeunes et rythmes urbains et percutants sont au rendez-vous.<\/p>\n\n\n\n<p><strong>08 &#8211; Gone Too Soon<\/strong> : une orchestration \u00e9mouvante sur un rythme groove et des paroles puissantes qui capturent la beaut\u00e9 d&rsquo;un \u00eatre qui ne s&rsquo;efface jamais.<\/p>\n\n\n\n<p><strong>09 &#8211; R\u00eave Solide<\/strong> : voyage onirique, o\u00f9 les m\u00e9lodies de piano dansent sur des rythmes dance, cr\u00e9ant une ambiance \u00e9th\u00e9r\u00e9e et apaisante. Croyez en vous et en vos r\u00eaves, vous \u00eates solides ! <\/p>\n\n\n\n<p><strong>10 &#8211; Unattainable Flame<\/strong> : voyage intense, o\u00f9 la m\u00e9lodie ent\u00eatante rencontre des paroles simple sur une passion insaisissable mais enivrante. Cette flamme inatteignable br\u00fble d&rsquo;une \u00e9nergie captivante et myst\u00e9rieuse (voir le <a href=\"https:\/\/youtu.be\/B_BMNJLnWJ4?si=KQpC-TXlJtI87rBd\" target=\"_blank\" rel=\"noopener\">clip Unattainable Flame<\/a> cr\u00e9\u00e9 en image-to-video avec Gen 3).<\/p>\n<\/div><\/div>\n\n\n\n<h2 class=\"wp-block-heading\">Paris 2024, Ta Flamme Olympique (2024)<\/h2>\n\n\n\n<p>Le single <em>Paris 2024, Ta Flamme Olympique<\/em> est n\u00e9 de ma recherche d&rsquo;un exemple concret pour mes conf\u00e9rences sur les intelligences artificielles. Assez naturellement je me suis tourn\u00e9 vers la musique et les JO, en avril 2024. L&rsquo;univers musical d&rsquo;Alain Goudey venait de s&rsquo;enrichir d&rsquo;un titre f\u00e9d\u00e9rateur et positif ! <\/p>\n\n\n\n<div class=\"wp-block-media-text is-stacked-on-mobile\" style=\"grid-template-columns:30% auto\"><figure class=\"wp-block-media-text__media\"><a href=\"https:\/\/open.spotify.com\/intl-fr\/track\/1WzhwYR9vdau3N8UHU5x0p\" target=\"_blank\" rel=\"noopener\"><img loading=\"lazy\" decoding=\"async\" width=\"316\" height=\"316\" src=\"https:\/\/alain.goudey.eu\/side\/wp-content\/uploads\/2024\/09\/316x316bf.webp\" alt=\"Premier single d'Alain Goudey en hymne non officiel pour les JO de Paris 2024 autour de la Flamme Olympique (et de la joie de cet \u00e9v\u00e9nement sportif)\" class=\"wp-image-229 size-full\" srcset=\"https:\/\/alain.goudey.eu\/side\/wp-content\/uploads\/2024\/09\/316x316bf.webp 316w, https:\/\/alain.goudey.eu\/side\/wp-content\/uploads\/2024\/09\/316x316bf-300x300.webp 300w, https:\/\/alain.goudey.eu\/side\/wp-content\/uploads\/2024\/09\/316x316bf-150x150.webp 150w\" sizes=\"auto, (max-width: 316px) 100vw, 316px\" \/><\/a><\/figure><div class=\"wp-block-media-text__content\">\n<p><strong>01 &#8211; Paris 2024, Ta Flamme Olympique<\/strong> : hymne non officiel \u00e0 cet \u00e9v\u00e9nement plan\u00e9taire qu&rsquo;ont \u00e9t\u00e9 les JO de l&rsquo;\u00e9t\u00e9 2024 \u00e0 Paris. Avec des sonorit\u00e9s joyeuses, pop, et tr\u00e8s vari\u00e9t\u00e9 fran\u00e7aise, ce morceau a rencontr\u00e9 un vif succ\u00e8s avec des milliers d&rsquo;\u00e9coutes partout dans le monde, des remix sur Insta, des diffusions dans des \u00e9coles et des passages en radio ! <\/p>\n\n\n\n<p>Cliquez pour <a href=\"https:\/\/www.youtube.com\/watch?v=ooL2asjrHNQ\" target=\"_blank\" rel=\"noopener\">voir le clip vid\u00e9o de Paris 2024, Ta Flamme Olympique<\/a> ou pour voir l&rsquo;histoire incroyable de cette musique. <\/p>\n<\/div><\/div>\n\n\n\n<p><\/p>\n\n\n\n<h2 class=\"wp-block-heading\">Quantum Dance (2024)<\/h2>\n\n\n\n<p><em>Quantum Dance<\/em> est n\u00e9 sous l&rsquo;impulsion du titre Quantum Groove Odyssey (2023), qui \u00e9tait issu d&rsquo;un pari sur ma capacit\u00e9 \u00e0 cr\u00e9er de la musique avec des IA. J&rsquo;ai donc gagn\u00e9 ce pari en ao\u00fbt 2023 avec l&rsquo;aide de ChatGPT (v4), de Suno (v1), et de beaucoup de patience pour arriver \u00e0 un r\u00e9sultat correct. Le montage audio a \u00e9t\u00e9 particuli\u00e8rement ing\u00e9nieux pour coller les briques musicales de 20 ou 30 secondes produites \u00e0 l&rsquo;\u00e9poque. L&rsquo;album est n\u00e9 quelques mois plus tard dans mes explorations de ces outils pour la d\u00e9marche cr\u00e9ative sonore. Une autre branche ajout\u00e9e \u00e0 l&rsquo;univers musical d&rsquo;Alain Goudey. <\/p>\n\n\n\n<div class=\"wp-block-media-text is-stacked-on-mobile\" style=\"grid-template-columns:30% auto\"><figure class=\"wp-block-media-text__media\"><a href=\"https:\/\/open.spotify.com\/intl-fr\/album\/5EYw1HA0RWe2Fl7mU9A1HC\" target=\"_blank\" rel=\"noopener\"><img loading=\"lazy\" decoding=\"async\" width=\"316\" height=\"316\" src=\"https:\/\/alain.goudey.eu\/side\/wp-content\/uploads\/2024\/09\/316x316bb.webp\" alt=\"Premier EP d'Alain Goudey, rassemblant ses premiers essais autour de la cr\u00e9ation musicale augment\u00e9e par l'intelligence artificielle\" class=\"wp-image-228 size-full\" srcset=\"https:\/\/alain.goudey.eu\/side\/wp-content\/uploads\/2024\/09\/316x316bb.webp 316w, https:\/\/alain.goudey.eu\/side\/wp-content\/uploads\/2024\/09\/316x316bb-300x300.webp 300w, https:\/\/alain.goudey.eu\/side\/wp-content\/uploads\/2024\/09\/316x316bb-150x150.webp 150w\" sizes=\"auto, (max-width: 316px) 100vw, 316px\" \/><\/a><\/figure><div class=\"wp-block-media-text__content\">\n<p><strong>01 &#8211; One World<\/strong> : Une chanson en faveur de l&rsquo;unit\u00e9 du monde, de la fin des guerres, de l&rsquo;arr\u00eat de la grisaille et au respect, qui vous transportera dans un monde positif de tol\u00e9rance et d&rsquo;harmonie (<a href=\"https:\/\/www.youtube.com\/watch?v=4Py_eKvtGOc\" target=\"_blank\" rel=\"noopener\">Voir le clip One World<\/a>).<\/p>\n\n\n\n<p><strong>02 &#8211; Original Quantum Groove Odyssey 2023 <\/strong>: une odyss\u00e9e sonore qui vous plongera dans les profondeurs de la musique \u00e9lectronique, dans la pure ligne de l&rsquo;Eurodance des ann\u00e9es 90. (<a href=\"https:\/\/www.youtube.com\/watch?v=7Jk3J2gezco\" target=\"_blank\" rel=\"noopener\">Voir le clip Quantum Groove Odyssey<\/a>, cr\u00e9\u00e9 avec l&rsquo;IA Kaiber).<\/p>\n\n\n\n<p><strong>03 &#8211; Quantum Pop Odyssey <\/strong>: version pop de QG Odyssey.<\/p>\n\n\n\n<p><strong>04 &#8211; Quantum Electro Odyssey<\/strong> : version \u00e9lectro, plus moderne de QG Odyssey<\/p>\n\n\n\n<p><strong>05 &#8211; Hello Alex Long Mix<\/strong> : un easter egg pour la femme de ma vie \ud83d\ude09<\/p>\n<\/div><\/div>\n\n\n\n<p><\/p>\n","protected":false},"excerpt":{"rendered":"<p>L&rsquo;univers musical unique d&rsquo;Alain Goudey D&rsquo;avantage connu dans le monde acad\u00e9mique autour des sujets de l&rsquo;IA, de la transformation num\u00e9rique et du marketing sensoriel, je &hellip; <\/p>\n","protected":false},"author":1,"featured_media":0,"parent":0,"menu_order":0,"comment_status":"closed","ping_status":"closed","template":"","meta":{"footnotes":""},"class_list":["post-219","page","type-page","status-publish","hentry"],"_links":{"self":[{"href":"https:\/\/alain.goudey.eu\/side\/wp-json\/wp\/v2\/pages\/219","targetHints":{"allow":["GET"]}}],"collection":[{"href":"https:\/\/alain.goudey.eu\/side\/wp-json\/wp\/v2\/pages"}],"about":[{"href":"https:\/\/alain.goudey.eu\/side\/wp-json\/wp\/v2\/types\/page"}],"author":[{"embeddable":true,"href":"https:\/\/alain.goudey.eu\/side\/wp-json\/wp\/v2\/users\/1"}],"replies":[{"embeddable":true,"href":"https:\/\/alain.goudey.eu\/side\/wp-json\/wp\/v2\/comments?post=219"}],"version-history":[{"count":29,"href":"https:\/\/alain.goudey.eu\/side\/wp-json\/wp\/v2\/pages\/219\/revisions"}],"predecessor-version":[{"id":479,"href":"https:\/\/alain.goudey.eu\/side\/wp-json\/wp\/v2\/pages\/219\/revisions\/479"}],"wp:attachment":[{"href":"https:\/\/alain.goudey.eu\/side\/wp-json\/wp\/v2\/media?parent=219"}],"curies":[{"name":"wp","href":"https:\/\/api.w.org\/{rel}","templated":true}]}}